{"id":81298,"date":"2025-03-12T19:24:34","date_gmt":"2025-03-12T18:24:34","guid":{"rendered":"https:\/\/schaltzeit.com\/accessibility-statement\/"},"modified":"2026-02-16T14:18:15","modified_gmt":"2026-02-16T13:18:15","slug":"accessibility-statement","status":"publish","type":"page","link":"https:\/\/schaltzeit.com\/en\/accessibility-statement\/","title":{"rendered":"Accessibility statement"},"content":{"rendered":"<h6 class=\"wp-block-heading has-text-align-left\"><strong>Barrierefreiheitserkl\u00e4rung f\u00fcr&nbsp;<a href=\"https:\/\/schaltzeit.com\/en\/\">https:\/\/schaltzeit.com<\/a><\/strong><\/h6>\n\n\n\n<p>Die Schaltzeit GmbH setzt sich daf\u00fcr ein, digitale Barrierefreiheit f\u00fcr Menschen mit Behinderungen zu gew\u00e4hrleisten. Wir verbessern kontinuierlich das Nutzererlebnis f\u00fcr alle und wenden die entsprechenden Barrierefreiheitsstandards an.<\/p>\n\n\n\n<p><strong>Konformit\u00e4tsstatus<\/strong><\/p>\n\n\n\n<p>Die Web Content Accessibility Guidelines (WCAG) legen Anforderungen fest, die Designer und Entwickler erf\u00fcllen sollten, um die Zug\u00e4nglichkeit f\u00fcr Menschen mit Behinderungen zu verbessern. Es gibt drei Konformit\u00e4tsstufen: Level A, Level AA und Level AAA.<\/p>\n\n\n\n<p>Die Schaltzeit GmbH unternimmt stetige Anstrengungen, die Zug\u00e4nglichkeit ihrer Website und Dienstleistungen zu optimieren, in dem Glauben, dass es unsere gemeinsame moralische Verpflichtung ist, Menschen mit Behinderungen eine nahtlose, barrierefreie und uneingeschr\u00e4nkte Nutzung zu erm\u00f6glichen.<\/p>\n\n\n\n<p>Wir haben uns zum Ziel gesetzt, alle Seiten und Inhalte auf&nbsp;<a href=\"https:\/\/schaltzeit.com\/en\/\">https:\/\/schaltzeit.com<\/a>&nbsp;zug\u00e4nglich zu machen, allerdings entspricht ein Teil der Inhalte m\u00f6glicherweise noch nicht vollst\u00e4ndig den h\u00f6chsten Barrierefreiheitsstandards. Dies k\u00f6nnte auf Herausforderungen bei der Identifizierung der am besten geeigneten technologischen L\u00f6sung zur\u00fcckzuf\u00fchren sein.<\/p>\n\n\n\n<p>Wir behalten uns vor, diese Erkl\u00e4rung regelm\u00e4\u00dfig zu \u00fcberarbeiten, um Verbesserungen oder \u00c4nderungen unserer Barrierefreiheitspraktiken widerzuspiegeln.<\/p>\n\n\n\n<p><strong>Feedback<\/strong><\/p>\n\n\n\n<p>Wir freuen uns \u00fcber Ihr Feedback zur Barrierefreiheit der Website der Schaltzeit GmbH. Bitte teilen Sie uns mit, wenn Sie auf unserer Website auf Barrieren sto\u00dfen:<\/p>\n\n\n\n<p>E-Mail:&nbsp;<a>hello@schaltzeit.com<\/a><\/p>\n\n\n\n<p>Wir bem\u00fchen uns, innerhalb von 3\u20135 Werktagen auf Ihr Feedback zu antworten.<\/p>\n\n\n\n<p class=\"has-text-align-left\">Diese Erkl\u00e4rung wurde am 12.03.2025 erstellt.<\/p>","protected":false},"excerpt":{"rendered":"<p>Barrierefreiheitserkl\u00e4rung f\u00fcr&nbsp;https:\/\/schaltzeit.com Die Schaltzeit GmbH setzt sich daf\u00fcr ein, digitale Barrierefreiheit f\u00fcr Menschen mit Behinderungen zu gew\u00e4hrleisten. Wir verbessern kontinuierlich das Nutzererlebnis f\u00fcr alle und wenden die entsprechenden Barrierefreiheitsstandards an. Konformit\u00e4tsstatus Die Web Content Accessibility Guidelines (WCAG) legen Anforderungen fest, die Designer und Entwickler erf\u00fcllen sollten, um die Zug\u00e4nglichkeit f\u00fcr Menschen mit Behinderungen zu verbessern. [&hellip;]<\/p>\n","protected":false},"author":1,"featured_media":0,"parent":0,"menu_order":0,"comment_status":"closed","ping_status":"closed","template":"","meta":{"_acf_changed":false,"_mo_disable_npp":"","site-sidebar-layout":"default","site-content-layout":"","ast-site-content-layout":"default","site-content-style":"default","site-sidebar-style":"default","ast-global-header-display":"","ast-banner-title-visibility":"","ast-main-header-display":"","ast-hfb-above-header-display":"","ast-hfb-below-header-display":"","ast-hfb-mobile-header-display":"","site-post-title":"","ast-breadcrumbs-content":"","ast-featured-img":"","footer-sml-layout":"","ast-disable-related-posts":"","theme-transparent-header-meta":"","adv-header-id-meta":"","stick-header-meta":"","header-above-stick-meta":"","header-main-stick-meta":"","header-below-stick-meta":"","astra-migrate-meta-layouts":"set","ast-page-background-enabled":"default","ast-page-background-meta":{"desktop":{"background-color":"","background-image":"","background-repeat":"repeat","background-position":"center center","background-size":"auto","background-attachment":"scroll","background-type":"","background-media":"","overlay-type":"","overlay-color":"","overlay-opacity":"","overlay-gradient":""},"tablet":{"background-color":"","background-image":"","background-repeat":"repeat","background-position":"center center","background-size":"auto","background-attachment":"scroll","background-type":"","background-media":"","overlay-type":"","overlay-color":"","overlay-opacity":"","overlay-gradient":""},"mobile":{"background-color":"","background-image":"","background-repeat":"repeat","background-position":"center center","background-size":"auto","background-attachment":"scroll","background-type":"","background-media":"","overlay-type":"","overlay-color":"","overlay-opacity":"","overlay-gradient":""}},"ast-content-background-meta":{"desktop":{"background-color":"var(--ast-global-color-5)","background-image":"","background-repeat":"repeat","background-position":"center center","background-size":"auto","background-attachment":"scroll","background-type":"","background-media":"","overlay-type":"","overlay-color":"","overlay-opacity":"","overlay-gradient":""},"tablet":{"background-color":"var(--ast-global-color-5)","background-image":"","background-repeat":"repeat","background-position":"center center","background-size":"auto","background-attachment":"scroll","background-type":"","background-media":"","overlay-type":"","overlay-color":"","overlay-opacity":"","overlay-gradient":""},"mobile":{"background-color":"var(--ast-global-color-5)","background-image":"","background-repeat":"repeat","background-position":"center center","background-size":"auto","background-attachment":"scroll","background-type":"","background-media":"","overlay-type":"","overlay-color":"","overlay-opacity":"","overlay-gradient":""}},"footnotes":""},"class_list":["post-81298","page","type-page","status-publish","hentry"],"acf":[],"_links":{"self":[{"href":"https:\/\/schaltzeit.com\/en\/wp-json\/wp\/v2\/pages\/81298","targetHints":{"allow":["GET"]}}],"collection":[{"href":"https:\/\/schaltzeit.com\/en\/wp-json\/wp\/v2\/pages"}],"about":[{"href":"https:\/\/schaltzeit.com\/en\/wp-json\/wp\/v2\/types\/page"}],"author":[{"embeddable":true,"href":"https:\/\/schaltzeit.com\/en\/wp-json\/wp\/v2\/users\/1"}],"replies":[{"embeddable":true,"href":"https:\/\/schaltzeit.com\/en\/wp-json\/wp\/v2\/comments?post=81298"}],"version-history":[{"count":0,"href":"https:\/\/schaltzeit.com\/en\/wp-json\/wp\/v2\/pages\/81298\/revisions"}],"wp:attachment":[{"href":"https:\/\/schaltzeit.com\/en\/wp-json\/wp\/v2\/media?parent=81298"}],"curies":[{"name":"wp","href":"https:\/\/api.w.org\/{rel}","templated":true}]}}