{"id":21068,"date":"2023-02-16T14:40:28","date_gmt":"2023-02-16T13:40:28","guid":{"rendered":"http:\/\/schaltzeit.com\/?page_id=21068"},"modified":"2026-02-16T14:16:45","modified_gmt":"2026-02-16T13:16:45","slug":"jobs","status":"publish","type":"page","link":"https:\/\/schaltzeit.com\/en\/jobs\/","title":{"rendered":"Jobs"},"content":{"rendered":"<div data-elementor-type=\"wp-page\" data-elementor-id=\"21068\" class=\"elementor elementor-21068\" data-elementor-settings=\"{&quot;element_pack_global_tooltip_width&quot;:{&quot;unit&quot;:&quot;px&quot;,&quot;size&quot;:&quot;&quot;,&quot;sizes&quot;:[]},&quot;element_pack_global_tooltip_width_tablet&quot;:{&quot;unit&quot;:&quot;px&quot;,&quot;size&quot;:&quot;&quot;,&quot;sizes&quot;:[]},&quot;element_pack_global_tooltip_width_mobile&quot;:{&quot;unit&quot;:&quot;px&quot;,&quot;size&quot;:&quot;&quot;,&quot;sizes&quot;:[]},&quot;element_pack_global_tooltip_padding&quot;:{&quot;unit&quot;:&quot;px&quot;,&quot;top&quot;:&quot;&quot;,&quot;right&quot;:&quot;&quot;,&quot;bottom&quot;:&quot;&quot;,&quot;left&quot;:&quot;&quot;,&quot;isLinked&quot;:true},&quot;element_pack_global_tooltip_padding_tablet&quot;:{&quot;unit&quot;:&quot;px&quot;,&quot;top&quot;:&quot;&quot;,&quot;right&quot;:&quot;&quot;,&quot;bottom&quot;:&quot;&quot;,&quot;left&quot;:&quot;&quot;,&quot;isLinked&quot;:true},&quot;element_pack_global_tooltip_padding_mobile&quot;:{&quot;unit&quot;:&quot;px&quot;,&quot;top&quot;:&quot;&quot;,&quot;right&quot;:&quot;&quot;,&quot;bottom&quot;:&quot;&quot;,&quot;left&quot;:&quot;&quot;,&quot;isLinked&quot;:true},&quot;element_pack_global_tooltip_border_radius&quot;:{&quot;unit&quot;:&quot;px&quot;,&quot;top&quot;:&quot;&quot;,&quot;right&quot;:&quot;&quot;,&quot;bottom&quot;:&quot;&quot;,&quot;left&quot;:&quot;&quot;,&quot;isLinked&quot;:true},&quot;element_pack_global_tooltip_border_radius_tablet&quot;:{&quot;unit&quot;:&quot;px&quot;,&quot;top&quot;:&quot;&quot;,&quot;right&quot;:&quot;&quot;,&quot;bottom&quot;:&quot;&quot;,&quot;left&quot;:&quot;&quot;,&quot;isLinked&quot;:true},&quot;element_pack_global_tooltip_border_radius_mobile&quot;:{&quot;unit&quot;:&quot;px&quot;,&quot;top&quot;:&quot;&quot;,&quot;right&quot;:&quot;&quot;,&quot;bottom&quot;:&quot;&quot;,&quot;left&quot;:&quot;&quot;,&quot;isLinked&quot;:true}}\" data-elementor-post-type=\"page\">\n\t\t\t\t<div class=\"elementor-element elementor-element-b647252 jobs-header e-flex e-con-boxed e-con e-parent\" data-id=\"b647252\" data-element_type=\"container\" data-e-type=\"container\" data-settings=\"{&quot;jet_parallax_layout_list&quot;:[],&quot;background_background&quot;:&quot;classic&quot;}\">\n\t\t\t\t\t<div class=\"e-con-inner\">\n\t\t<div class=\"elementor-element elementor-element-16643f47 e-con-full e-flex e-con e-child\" data-id=\"16643f47\" data-element_type=\"container\" data-e-type=\"container\" data-settings=\"{&quot;jet_parallax_layout_list&quot;:[]}\">\n\t\t<div class=\"elementor-element elementor-element-1830ea90 e-con-full e-flex e-con e-child\" data-id=\"1830ea90\" data-element_type=\"container\" data-e-type=\"container\" data-settings=\"{&quot;jet_parallax_layout_list&quot;:[]}\">\n\t\t<div class=\"elementor-element elementor-element-3b0fae49 e-con-full e-flex e-con e-child\" data-id=\"3b0fae49\" data-element_type=\"container\" data-e-type=\"container\" data-settings=\"{&quot;jet_parallax_layout_list&quot;:[]}\">\n\t\t\t\t<div class=\"elementor-element elementor-element-7140d493 elementor-widget elementor-widget-heading\" data-id=\"7140d493\" data-element_type=\"widget\" data-e-type=\"widget\" data-widget_type=\"heading.default\">\n\t\t\t\t\t<h6 class=\"elementor-heading-title elementor-size-default\">Career<\/h6>\t\t\t\t<\/div>\n\t\t\t\t<div class=\"elementor-element elementor-element-66870038 elementor-widget__width-initial elementor-widget elementor-widget-heading\" data-id=\"66870038\" data-element_type=\"widget\" data-e-type=\"widget\" data-widget_type=\"heading.default\">\n\t\t\t\t\t<h5 class=\"elementor-heading-title elementor-size-default\">Du m\u00f6chtest bei Schaltzeit arbeiten?<\/h5>\t\t\t\t<\/div>\n\t\t\t\t<\/div>\n\t\t<div class=\"elementor-element elementor-element-b67e506 e-con-full e-flex e-con e-child\" data-id=\"b67e506\" data-element_type=\"container\" data-e-type=\"container\" data-settings=\"{&quot;jet_parallax_layout_list&quot;:[],&quot;background_background&quot;:&quot;classic&quot;}\">\n\t\t\t\t<div class=\"elementor-element elementor-element-49526643 elementor-widget elementor-widget-text-editor\" data-id=\"49526643\" data-element_type=\"widget\" data-e-type=\"widget\" data-widget_type=\"text-editor.default\">\n\t\t\t\t\t\t\t\t\tUnsere Karriere-Seiteversuchen wir regelm\u00e4\u00dfig zu aktualisieren, um sicherzustellen, dass du immer aktuelle Stellenangebote findest. Also worauf wartest du noch?\u00a0\t\t\t\t\t\t\t\t<\/div>\n\t\t\t\t<\/div>\n\t\t\t\t<\/div>\n\t\t\t\t<\/div>\n\t\t\t\t\t<\/div>\n\t\t\t\t<\/div>\n\t\t<div class=\"elementor-element elementor-element-da24a56 e-flex e-con-boxed e-con e-parent\" data-id=\"da24a56\" data-element_type=\"container\" data-e-type=\"container\" data-settings=\"{&quot;jet_parallax_layout_list&quot;:[],&quot;background_background&quot;:&quot;classic&quot;}\">\n\t\t\t\t\t<div class=\"e-con-inner\">\n\t\t<div class=\"elementor-element elementor-element-dff1f35 e-con-full e-flex e-con e-child\" data-id=\"dff1f35\" data-element_type=\"container\" data-e-type=\"container\" data-settings=\"{&quot;jet_parallax_layout_list&quot;:[]}\">\n\t\t\t\t<div class=\"elementor-element elementor-element-6b7a395 elementor-widget__width-initial elementor-widget elementor-widget-text-editor\" data-id=\"6b7a395\" data-element_type=\"widget\" data-e-type=\"widget\" data-widget_type=\"text-editor.default\">\n\t\t\t\t\t\t\t\t\t<p>Dann bist du hier genau richtig! Unsere Karriere-Seite bietet Dir Zugang zu spannenden Stellenangeboten aus den unterschiedlichsten Bereichen und f\u00fcr alle Erfahrungsstufen. Das ist die perfekte Gelegenheit, um deine Karriere als Schalter in Schwung zu bringen. Es ist egal, ob frisch von der Uni oder bereits ein erfahrener Profi bist. Wir sind immer auf der Suche nach neuen Potentialen und proaktive Zukunftshaltungen m\u00f6gen wir am meisten. Ist kein passendes Angebot f\u00fcr Dich dabei? Melde Dich und sprich pers\u00f6nlich mit uns!<\/p>\t\t\t\t\t\t\t\t<\/div>\n\t\t\t\t<\/div>\n\t\t<div class=\"elementor-element elementor-element-5c7fe240 e-con-full e-flex e-con e-child\" data-id=\"5c7fe240\" data-element_type=\"container\" data-e-type=\"container\" data-settings=\"{&quot;jet_parallax_layout_list&quot;:[]}\">\n\t\t\t\t<div class=\"elementor-element elementor-element-32a4514 uael-posts-thumbnail-ratio uael-post__link-complete-yes elementor-widget elementor-widget-uael-posts\" data-id=\"32a4514\" data-element_type=\"widget\" data-e-type=\"widget\" data-settings=\"{&quot;classic_slides_to_show&quot;:2,&quot;classic_slides_to_show_tablet&quot;:2,&quot;classic_slides_to_show_mobile&quot;:1}\" data-widget_type=\"uael-posts.classic\">\n\t\t\t\t<div class=\"elementor-widget-container\">\n\t\t\t\t\t\t\t<div class=\"uael-post__header\">\n\t\t\t\t\t<\/div>\n\t\t<div class=\"uael-post__body\">\n\t\t\t\n\t\t\n\t\t<div class=\"uael-blog-terms-position-media uael-post-image-top uael-post-grid uael-posts\" data-query-type=\"custom\" data-structure=\"masonry\" data-layout=\"masonry\" data-page=\"21068\" data-skin=\"classic\" data-filter-default=\"\" data-offset-top=\"30\" >\n\n\t\t\t\t\t\t\t<div class=\"uael-post-grid__inner uael-post__columns-2 uael-post__columns-tablet-2 uael-post__columns-mobile-1 uael-post-masonry uael-post-infinite-scroll uael-post-infinite__event-scroll\">\n\t\t\t\n<div class=\"uael-post-wrapper\">\n\t<div class=\"uael-post__bg-wrap uael-bg-wrap-disabled\">\n\n\t\t\t\t\t<a href=\"https:\/\/schaltzeit.com\/en\/jobs\/softwareentwicklerin\/\" target=\"_self\" class=\"uael-post__complete-box-overlay\" aria-label=\"Link Complete Box\"><\/a>\n\t\t\t\t\n\t\t<div class=\"uael-post__inner-wrap uael-inner-wrap-disabled\">\n\n\t\t\t\t<div class=\"uael-post__thumbnail\">\n\t\t\t\n\t\t\t<a href=\"https:\/\/schaltzeit.com\/en\/jobs\/softwareentwicklerin\/\" target=\"_self\" title=\"Softwareentwickler*in\"><img fetchpriority=\"high\" decoding=\"async\" width=\"3840\" height=\"2160\" src=\"https:\/\/schaltzeit.com\/wp-content\/uploads\/2024\/08\/240827_SZ_Jobteaser_1920x180px_Developers.png\" class=\"attachment-full size-full wp-image-78724\" alt=\"\" title=\"\" srcset=\"https:\/\/schaltzeit.com\/wp-content\/uploads\/2024\/08\/240827_SZ_Jobteaser_1920x180px_Developers.png 3840w, https:\/\/schaltzeit.com\/wp-content\/uploads\/2024\/08\/240827_SZ_Jobteaser_1920x180px_Developers-300x169.png 300w, https:\/\/schaltzeit.com\/wp-content\/uploads\/2024\/08\/240827_SZ_Jobteaser_1920x180px_Developers-1024x576.png 1024w, https:\/\/schaltzeit.com\/wp-content\/uploads\/2024\/08\/240827_SZ_Jobteaser_1920x180px_Developers-768x432.png 768w, https:\/\/schaltzeit.com\/wp-content\/uploads\/2024\/08\/240827_SZ_Jobteaser_1920x180px_Developers-1536x864.png 1536w, https:\/\/schaltzeit.com\/wp-content\/uploads\/2024\/08\/240827_SZ_Jobteaser_1920x180px_Developers-2048x1152.png 2048w, https:\/\/schaltzeit.com\/wp-content\/uploads\/2024\/08\/240827_SZ_Jobteaser_1920x180px_Developers-18x10.png 18w\" sizes=\"(max-width: 3840px) 100vw, 3840px\" \/><\/a>\n\t\t\t\t\t<\/div>\n\t\t\n\t\t\t\n\t\t\t<div class=\"uael-post__content-wrap uael-content-wrap-disabled\">\n\t\t\t\t\t<h3 class=\"uael-post__title\">\n\n\t\t\n\t\t\t\t\t\t<a href=\"https:\/\/schaltzeit.com\/en\/jobs\/softwareentwicklerin\/\" target=\"_self\">\n\t\t\t\tSoftwareentwickler*in\t\t\t<\/a>\n\n\t\t\t\t<\/h3>\n\t\t\t\t\t<div class=\"uael-post__meta-data\">\n\t\t\t\t\t<\/div>\n\t\t\n\t\t<div class=\"uael-post__excerpt\">\n\t\t\tDu bist auf der Suche nach einer spannenden Werkstudent*innen-Stelle im Bereich Softwareentwicklung? Dann bist du bei uns genau richtig! Wir, die Schaltzeit GmbH, sind eine ...\t\t<\/div>\n\n\t\t\t\t\t<\/div>\n\t\t\t\n\t\t<\/div>\n\t\t\n\t<\/div>\n\n<\/div>\n\n<div class=\"uael-post-wrapper\">\n\t<div class=\"uael-post__bg-wrap uael-bg-wrap-disabled\">\n\n\t\t\t\t\t<a href=\"https:\/\/schaltzeit.com\/en\/jobs\/zukunftsforscherin\/\" target=\"_self\" class=\"uael-post__complete-box-overlay\" aria-label=\"Link Complete Box\"><\/a>\n\t\t\t\t\n\t\t<div class=\"uael-post__inner-wrap uael-inner-wrap-disabled\">\n\n\t\t\t\t<div class=\"uael-post__thumbnail\">\n\t\t\t\n\t\t\t<a href=\"https:\/\/schaltzeit.com\/en\/jobs\/zukunftsforscherin\/\" target=\"_self\" title=\"Zukunftsforscher*in\"><img decoding=\"async\" width=\"8000\" height=\"4500\" src=\"https:\/\/schaltzeit.com\/wp-content\/uploads\/2023\/01\/230217_Jobs_ZuFor.png\" class=\"attachment-full size-full wp-image-21410\" alt=\"\" title=\"\" srcset=\"https:\/\/schaltzeit.com\/wp-content\/uploads\/2023\/01\/230217_Jobs_ZuFor.png 8000w, https:\/\/schaltzeit.com\/wp-content\/uploads\/2023\/01\/230217_Jobs_ZuFor-300x169.png 300w, https:\/\/schaltzeit.com\/wp-content\/uploads\/2023\/01\/230217_Jobs_ZuFor-1024x576.png 1024w, https:\/\/schaltzeit.com\/wp-content\/uploads\/2023\/01\/230217_Jobs_ZuFor-768x432.png 768w, https:\/\/schaltzeit.com\/wp-content\/uploads\/2023\/01\/230217_Jobs_ZuFor-1536x864.png 1536w, https:\/\/schaltzeit.com\/wp-content\/uploads\/2023\/01\/230217_Jobs_ZuFor-2048x1152.png 2048w, https:\/\/schaltzeit.com\/wp-content\/uploads\/2023\/01\/230217_Jobs_ZuFor-18x10.png 18w\" sizes=\"(max-width: 8000px) 100vw, 8000px\" \/><\/a>\n\t\t\t\t\t<\/div>\n\t\t\n\t\t\t\n\t\t\t<div class=\"uael-post__content-wrap uael-content-wrap-disabled\">\n\t\t\t\t\t<h3 class=\"uael-post__title\">\n\n\t\t\n\t\t\t\t\t\t<a href=\"https:\/\/schaltzeit.com\/en\/jobs\/zukunftsforscherin\/\" target=\"_self\">\n\t\t\t\tZukunftsforscher*in\t\t\t<\/a>\n\n\t\t\t\t<\/h3>\n\t\t\t\t\t<div class=\"uael-post__meta-data\">\n\t\t\t\t\t<\/div>\n\t\t\n\t\t<div class=\"uael-post__excerpt\">\n\t\t\tWir suchen einen\/eine Praktikant*in im Bereich Zukunftsforschung &amp; Plattformentwicklung, der\/die selbstorganisiert und proaktiv ist und uns bei der Konzeption und Entwicklung unserer neuen Plattform unterst\u00fctzt. ...\t\t<\/div>\n\n\t\t\t\t\t<\/div>\n\t\t\t\n\t\t<\/div>\n\t\t\n\t<\/div>\n\n<\/div>\n\n<div class=\"uael-post-wrapper\">\n\t<div class=\"uael-post__bg-wrap uael-bg-wrap-disabled\">\n\n\t\t\t\t\t<a href=\"https:\/\/schaltzeit.com\/en\/jobs\/eventmanagerin\/\" target=\"_self\" class=\"uael-post__complete-box-overlay\" aria-label=\"Link Complete Box\"><\/a>\n\t\t\t\t\n\t\t<div class=\"uael-post__inner-wrap uael-inner-wrap-disabled\">\n\n\t\t\t\t<div class=\"uael-post__thumbnail\">\n\t\t\t\n\t\t\t<a href=\"https:\/\/schaltzeit.com\/en\/jobs\/eventmanagerin\/\" target=\"_self\" title=\"Eventmanager\"><img decoding=\"async\" width=\"8000\" height=\"4500\" src=\"https:\/\/schaltzeit.com\/wp-content\/uploads\/2023\/02\/230217_Jobs_Eventmanagement.png\" class=\"attachment-full size-full wp-image-21347\" alt=\"\" title=\"\" srcset=\"https:\/\/schaltzeit.com\/wp-content\/uploads\/2023\/02\/230217_Jobs_Eventmanagement.png 8000w, https:\/\/schaltzeit.com\/wp-content\/uploads\/2023\/02\/230217_Jobs_Eventmanagement-300x169.png 300w, https:\/\/schaltzeit.com\/wp-content\/uploads\/2023\/02\/230217_Jobs_Eventmanagement-1024x576.png 1024w, https:\/\/schaltzeit.com\/wp-content\/uploads\/2023\/02\/230217_Jobs_Eventmanagement-768x432.png 768w, https:\/\/schaltzeit.com\/wp-content\/uploads\/2023\/02\/230217_Jobs_Eventmanagement-1536x864.png 1536w, https:\/\/schaltzeit.com\/wp-content\/uploads\/2023\/02\/230217_Jobs_Eventmanagement-2048x1152.png 2048w, https:\/\/schaltzeit.com\/wp-content\/uploads\/2023\/02\/230217_Jobs_Eventmanagement-18x10.png 18w\" sizes=\"(max-width: 8000px) 100vw, 8000px\" \/><\/a>\n\t\t\t\t\t<\/div>\n\t\t\n\t\t\t\n\t\t\t<div class=\"uael-post__content-wrap uael-content-wrap-disabled\">\n\t\t\t\t\t<h3 class=\"uael-post__title\">\n\n\t\t\n\t\t\t\t\t\t<a href=\"https:\/\/schaltzeit.com\/en\/jobs\/eventmanagerin\/\" target=\"_self\">\n\t\t\t\tEventmanager\t\t\t<\/a>\n\n\t\t\t\t<\/h3>\n\t\t\t\t\t<div class=\"uael-post__meta-data\">\n\t\t\t\t\t<\/div>\n\t\t\n\t\t<div class=\"uael-post__excerpt\">\n\t\t\tDu brennst darauf, Veranstaltungen jeder Art erfolgreich zu organisieren und durchzuf\u00fchren? Dann haben wir genau den richtigen Job f\u00fcr Dich! Als kurzfristige Verst\u00e4rkung im projektbezogenen ...\t\t<\/div>\n\n\t\t\t\t\t<\/div>\n\t\t\t\n\t\t<\/div>\n\t\t\n\t<\/div>\n\n<\/div>\n\n<div class=\"uael-post-wrapper\">\n\t<div class=\"uael-post__bg-wrap uael-bg-wrap-disabled\">\n\n\t\t\t\t\t<a href=\"https:\/\/schaltzeit.com\/en\/jobs\/texterin\/\" target=\"_self\" class=\"uael-post__complete-box-overlay\" aria-label=\"Link Complete Box\"><\/a>\n\t\t\t\t\n\t\t<div class=\"uael-post__inner-wrap uael-inner-wrap-disabled\">\n\n\t\t\t\t<div class=\"uael-post__thumbnail\">\n\t\t\t\n\t\t\t<a href=\"https:\/\/schaltzeit.com\/en\/jobs\/texterin\/\" target=\"_self\" title=\"Texter*in\"><img loading=\"lazy\" decoding=\"async\" width=\"8000\" height=\"4500\" src=\"https:\/\/schaltzeit.com\/wp-content\/uploads\/2023\/01\/230217_Jobs_Texter.png\" class=\"attachment-full size-full wp-image-21409\" alt=\"\" title=\"\" srcset=\"https:\/\/schaltzeit.com\/wp-content\/uploads\/2023\/01\/230217_Jobs_Texter.png 8000w, https:\/\/schaltzeit.com\/wp-content\/uploads\/2023\/01\/230217_Jobs_Texter-300x169.png 300w, https:\/\/schaltzeit.com\/wp-content\/uploads\/2023\/01\/230217_Jobs_Texter-1024x576.png 1024w, https:\/\/schaltzeit.com\/wp-content\/uploads\/2023\/01\/230217_Jobs_Texter-768x432.png 768w, https:\/\/schaltzeit.com\/wp-content\/uploads\/2023\/01\/230217_Jobs_Texter-1536x864.png 1536w, https:\/\/schaltzeit.com\/wp-content\/uploads\/2023\/01\/230217_Jobs_Texter-2048x1152.png 2048w, https:\/\/schaltzeit.com\/wp-content\/uploads\/2023\/01\/230217_Jobs_Texter-18x10.png 18w\" sizes=\"(max-width: 8000px) 100vw, 8000px\" \/><\/a>\n\t\t\t\t\t<\/div>\n\t\t\n\t\t\t\n\t\t\t<div class=\"uael-post__content-wrap uael-content-wrap-disabled\">\n\t\t\t\t\t<h3 class=\"uael-post__title\">\n\n\t\t\n\t\t\t\t\t\t<a href=\"https:\/\/schaltzeit.com\/en\/jobs\/texterin\/\" target=\"_self\">\n\t\t\t\tTexter*in\t\t\t<\/a>\n\n\t\t\t\t<\/h3>\n\t\t\t\t\t<div class=\"uael-post__meta-data\">\n\t\t\t\t\t<\/div>\n\t\t\n\t\t<div class=\"uael-post__excerpt\">\n\t\t\tLiebst Du es, mit Worten zu spielen und sie gekonnt zu pr\u00e4sentieren? Du bist ein erfahrener Texter mit einer Leidenschaft f\u00fcr das Schreiben und einem ...\t\t<\/div>\n\n\t\t\t\t\t<\/div>\n\t\t\t\n\t\t<\/div>\n\t\t\n\t<\/div>\n\n<\/div>\n\t\t\t\t<\/div>\n\t\t\t\t\t\t<div class=\"uael-post-inf-loader\">\n\t\t\t\t<div class=\"uael-post-loader-1\"><\/div>\n\t\t\t\t<div class=\"uael-post-loader-2\"><\/div>\n\t\t\t\t<div class=\"uael-post-loader-3\"><\/div>\n\t\t\t<\/div>\n\t\t\t\t\t\t\n\t\t<\/div>\n\n\t\t\t\t\t\t<\/div>\n\t\t<div class=\"uael-post__footer\">\n\t\t\t\t\t<\/div>\n\t\t\t\t\t\t<\/div>\n\t\t\t\t<\/div>\n\t\t\t\t<\/div>\n\t\t\t\t\t<\/div>\n\t\t\t\t<\/div>\n\t\t\t\t<\/div>","protected":false},"excerpt":{"rendered":"<p>Karriere Du m\u00f6chtest bei Schaltzeit arbeiten? Unsere Karriere-Seiteversuchen wir regelm\u00e4\u00dfig zu aktualisieren, um sicherzustellen, dass du immer aktuelle Stellenangebote findest. Also worauf wartest du noch?\u00a0 Dann bist du hier genau richtig! Unsere Karriere-Seite bietet Dir Zugang zu spannenden Stellenangeboten aus den unterschiedlichsten Bereichen und f\u00fcr alle Erfahrungsstufen. Das ist die perfekte Gelegenheit, um deine Karriere [&hellip;]<\/p>\n","protected":false},"author":1,"featured_media":0,"parent":0,"menu_order":0,"comment_status":"closed","ping_status":"closed","template":"","meta":{"_acf_changed":false,"_mo_disable_npp":"","site-sidebar-layout":"no-sidebar","site-content-layout":"page-builder","ast-site-content-layout":"default","site-content-style":"default","site-sidebar-style":"default","ast-global-header-display":"","ast-banner-title-visibility":"","ast-main-header-display":"","ast-hfb-above-header-display":"","ast-hfb-below-header-display":"","ast-hfb-mobile-header-display":"","site-post-title":"disabled","ast-breadcrumbs-content":"","ast-featured-img":"disabled","footer-sml-layout":"","ast-disable-related-posts":"","theme-transparent-header-meta":"","adv-header-id-meta":"","stick-header-meta":"","header-above-stick-meta":"","header-main-stick-meta":"","header-below-stick-meta":"","astra-migrate-meta-layouts":"default","ast-page-background-enabled":"default","ast-page-background-meta":{"desktop":{"background-color":"","background-image":"","background-repeat":"repeat","background-position":"center center","background-size":"auto","background-attachment":"scroll","background-type":"","background-media":"","overlay-type":"","overlay-color":"","overlay-opacity":"","overlay-gradient":""},"tablet":{"background-color":"","background-image":"","background-repeat":"repeat","background-position":"center center","background-size":"auto","background-attachment":"scroll","background-type":"","background-media":"","overlay-type":"","overlay-color":"","overlay-opacity":"","overlay-gradient":""},"mobile":{"background-color":"","background-image":"","background-repeat":"repeat","background-position":"center center","background-size":"auto","background-attachment":"scroll","background-type":"","background-media":"","overlay-type":"","overlay-color":"","overlay-opacity":"","overlay-gradient":""}},"ast-content-background-meta":{"desktop":{"background-color":"var(--ast-global-color-5)","background-image":"","background-repeat":"repeat","background-position":"center center","background-size":"auto","background-attachment":"scroll","background-type":"","background-media":"","overlay-type":"","overlay-color":"","overlay-opacity":"","overlay-gradient":""},"tablet":{"background-color":"var(--ast-global-color-5)","background-image":"","background-repeat":"repeat","background-position":"center center","background-size":"auto","background-attachment":"scroll","background-type":"","background-media":"","overlay-type":"","overlay-color":"","overlay-opacity":"","overlay-gradient":""},"mobile":{"background-color":"var(--ast-global-color-5)","background-image":"","background-repeat":"repeat","background-position":"center center","background-size":"auto","background-attachment":"scroll","background-type":"","background-media":"","overlay-type":"","overlay-color":"","overlay-opacity":"","overlay-gradient":""}},"footnotes":""},"class_list":["post-21068","page","type-page","status-publish","hentry"],"acf":[],"_links":{"self":[{"href":"https:\/\/schaltzeit.com\/en\/wp-json\/wp\/v2\/pages\/21068","targetHints":{"allow":["GET"]}}],"collection":[{"href":"https:\/\/schaltzeit.com\/en\/wp-json\/wp\/v2\/pages"}],"about":[{"href":"https:\/\/schaltzeit.com\/en\/wp-json\/wp\/v2\/types\/page"}],"author":[{"embeddable":true,"href":"https:\/\/schaltzeit.com\/en\/wp-json\/wp\/v2\/users\/1"}],"replies":[{"embeddable":true,"href":"https:\/\/schaltzeit.com\/en\/wp-json\/wp\/v2\/comments?post=21068"}],"version-history":[{"count":0,"href":"https:\/\/schaltzeit.com\/en\/wp-json\/wp\/v2\/pages\/21068\/revisions"}],"wp:attachment":[{"href":"https:\/\/schaltzeit.com\/en\/wp-json\/wp\/v2\/media?parent=21068"}],"curies":[{"name":"wp","href":"https:\/\/api.w.org\/{rel}","templated":true}]}}